{"id":135,"date":"2021-05-04T06:27:51","date_gmt":"2021-05-04T06:27:51","guid":{"rendered":"https:\/\/nzrts.co.nz\/?page_id=135"},"modified":"2024-12-13T07:48:30","modified_gmt":"2024-12-12T19:48:30","slug":"our-team","status":"publish","type":"page","link":"https:\/\/radioschool.co.nz\/index.php\/our-team\/","title":{"rendered":"Our Team"},"content":{"rendered":"<div class=\"post-content\">\r\n<h5 class=\"wp-block-heading\">We have a dedicated team of lecturers ready to share their industry knowledge and expertise with you.<\/h5>\r\n<hr class=\"wp-block-separator has-css-opacity is-style-wide\" \/>\r\n<div class=\"wp-block-media-text alignwide is-stacked-on-mobile\" style=\"grid-template-columns: 21% auto;\">\r\n<div class=\"wp-block-media-text__content\">\r\n<h5><img loading=\"lazy\" decoding=\"async\" class=\"alignnone  wp-image-635\" src=\"https:\/\/radioschool.co.nz\/wp-content\/uploads\/2024\/12\/Lia-Shelford-Toopi-1-240x300.jpg\" alt=\"\" width=\"104\" height=\"130\" srcset=\"https:\/\/radioschool.co.nz\/wp-content\/uploads\/2024\/12\/Lia-Shelford-Toopi-1-240x300.jpg 240w, https:\/\/radioschool.co.nz\/wp-content\/uploads\/2024\/12\/Lia-Shelford-Toopi-1.jpg 506w\" sizes=\"auto, (max-width: 104px) 100vw, 104px\" \/> Lia Shelford-Toopi<br \/>National Promotions Coordinator (Operations, Announcing and Promotions)<br \/><em>Pare Hauraki, Ng\u0101ti Kahu ki Whangaroa, Ng\u0101puhi, Ng\u0101ti Toki<\/em><\/h5>\r\n\r\n\r\n\r\n<p>Lia has 15 years experience in commercial radio on mic, behind the scenes and in leadership roles. Her broad career has encompassed roles with Mai FM, More FM and The Rock, resulting in an extensive knowledge of brand capability, strength and reach. With a passion for small local market radio, Lia understands the genuine importance that Iwi stations hold, as active contributors to their h\u0101pori. As a mentor during her time at Mediaworks Lia naturally gravitated towards teaching, and is now thriving in her lecturing role at Awanui\u0101rangi. Her skill set includes on air, creative writing, presentation and interpersonal communication.<\/p>\r\n<\/div>\r\n<\/div>\r\n<!-- \/wp:post-content -->\r\n\r\n<!-- wp:separator {\"opacity\":\"css\",\"className\":\"is-style-wide\"} --><hr class=\"wp-block-separator has-css-opacity is-style-wide\" \/>\r\n<div class=\"wp-block-media-text alignwide is-stacked-on-mobile\" style=\"grid-template-columns: 21% auto;\">\r\n<div class=\"wp-block-media-text__content\">\r\n<h5><img loading=\"lazy\" decoding=\"async\" class=\"alignnone  wp-image-638\" src=\"https:\/\/radioschool.co.nz\/wp-content\/uploads\/2024\/12\/Aaron-Moeke-Wananga-Photo-240x300.jpg\" alt=\"\" width=\"105\" height=\"131\" srcset=\"https:\/\/radioschool.co.nz\/wp-content\/uploads\/2024\/12\/Aaron-Moeke-Wananga-Photo-240x300.jpg 240w, https:\/\/radioschool.co.nz\/wp-content\/uploads\/2024\/12\/Aaron-Moeke-Wananga-Photo-819x1024.jpg 819w, https:\/\/radioschool.co.nz\/wp-content\/uploads\/2024\/12\/Aaron-Moeke-Wananga-Photo-768x960.jpg 768w, https:\/\/radioschool.co.nz\/wp-content\/uploads\/2024\/12\/Aaron-Moeke-Wananga-Photo.jpg 1151w\" sizes=\"auto, (max-width: 105px) 100vw, 105px\" \/> Aaron Moeke <br \/>Lecturer (Announcing and Production)<br \/><em>Ng\u0101ti T\u016bwharetoa, Ng\u0101ti Kahungunu, Ng\u0101ti Awa<\/em><\/h5>\r\n<p>Aaron&#8217;s journey in the world of radio spans nearly 26 years, where he served as the Breakfast Announcer and Production Director at T\u016bwharetoa FM. With a deep-rooted passion for broadcasting, Aaron found himself naturally gravitating towards sharing his expertise with others. Bringing his wealth of experience and knowledge to Awanui\u0101rangi was an intuitive step for Aaron. His skill sets are as diverse as they are profound, encompassing on-air performance, production, proficiency in radio and editing software, and adept content creation. Yet, beyond these technical abilities, Aaron&#8217;s true strength lies in his unwavering dedication to supporting our tauira. His enthusiasm for their growth and futures in reo irirangi M\u0101ori is palpable, infusing every interaction with a sense of purpose fun and excitement.\u00a0<\/p>\r\n<hr class=\"wp-block-separator has-css-opacity is-style-wide\" \/>\r\n<h5><img loading=\"lazy\" decoding=\"async\" class=\"alignnone  wp-image-637\" src=\"https:\/\/radioschool.co.nz\/wp-content\/uploads\/2024\/12\/Kaleena-McNabb-Copy-240x300.jpg\" alt=\"\" width=\"107\" height=\"134\" srcset=\"https:\/\/radioschool.co.nz\/wp-content\/uploads\/2024\/12\/Kaleena-McNabb-Copy-240x300.jpg 240w, https:\/\/radioschool.co.nz\/wp-content\/uploads\/2024\/12\/Kaleena-McNabb-Copy-819x1024.jpg 819w, https:\/\/radioschool.co.nz\/wp-content\/uploads\/2024\/12\/Kaleena-McNabb-Copy-768x960.jpg 768w, https:\/\/radioschool.co.nz\/wp-content\/uploads\/2024\/12\/Kaleena-McNabb-Copy-1229x1536.jpg 1229w, https:\/\/radioschool.co.nz\/wp-content\/uploads\/2024\/12\/Kaleena-McNabb-Copy-1638x2048.jpg 1638w, https:\/\/radioschool.co.nz\/wp-content\/uploads\/2024\/12\/Kaleena-McNabb-Copy-scaled.jpg 2048w\" sizes=\"auto, (max-width: 107px) 100vw, 107px\" \/> Kaleena McNabb (K\u2019Lee)<br \/>Lecturer (Announcing, Presentation, Content Creation)<br \/><em>Ko Waikato me Ngati Kahungunu o Rongomaiwahine \u014dku iwi<\/em><\/h5>\r\n<div class=\"wp-block-media-text alignwide is-stacked-on-mobile\" style=\"grid-template-columns: 21% auto;\">\r\n<div class=\"wp-block-media-text__content\"><!-- \/wp:separator -->\r\n\r\n<!-- wp:paragraph -->\r\n<p>Over 17 years in Radio, K\u2019Lee filled her kete with many skills. Being a radio announcer and spinning a good yarn is only one aspect of the mahi. She\u2019s learnt that the evolution of radio is being able to share your identity of who you are with listeners, your experiences and creating connections of genuine aroha. She\u2019s been able to translate her identity, to the use of te reo on mainstream radio, creating on-air and digital content for websites &amp; social media platforms to engage with a wider audience. Using many programs and software, collating data for algorithms, turning promotions and marketing on-air into outdoor and digital marketing for ads in television, billboards, and creative ads for radio. She\u2019s been able to use her skill set of k\u014drero, while hosting major international sporting events, local and national events, music and corporate, all the while showcasing her broadcasting abilities.<\/p>\r\n<hr class=\"wp-block-separator has-css-opacity is-style-wide\" \/><\/div>\r\n<\/div>\r\n<h5><img loading=\"lazy\" decoding=\"async\" class=\"alignnone  wp-image-639\" src=\"https:\/\/radioschool.co.nz\/wp-content\/uploads\/2024\/12\/4_cropped-200x300.jpg\" alt=\"\" width=\"99\" height=\"149\" srcset=\"https:\/\/radioschool.co.nz\/wp-content\/uploads\/2024\/12\/4_cropped-200x300.jpg 200w, https:\/\/radioschool.co.nz\/wp-content\/uploads\/2024\/12\/4_cropped-683x1024.jpg 683w, https:\/\/radioschool.co.nz\/wp-content\/uploads\/2024\/12\/4_cropped-768x1152.jpg 768w, https:\/\/radioschool.co.nz\/wp-content\/uploads\/2024\/12\/4_cropped-1024x1536.jpg 1024w, https:\/\/radioschool.co.nz\/wp-content\/uploads\/2024\/12\/4_cropped-1366x2048.jpg 1366w, https:\/\/radioschool.co.nz\/wp-content\/uploads\/2024\/12\/4_cropped-scaled.jpg 1707w\" sizes=\"auto, (max-width: 99px) 100vw, 99px\" \/> Kim Adamson <br \/>Technical Engineer (Announcing, Production, Engineering)<br \/><em>Ng\u0101ti Awa<\/em><\/h5>\r\n<p>Kim has over 40 years\u2019 experience in radio and during those four decades he has won over 20 international and national radio awards. Kim has been a breakfast radio host for over 25 years and was part of the long running More FM Auckland\u2019s Breakfast Show Kim and Corbett for 16 years. He has also been Programme Director for Radio Hauraki, &amp; Triple M 89 FM, Creative Director at Radio Hauraki, and produced radio legend Blackie. Kim is now imparting his vast knowledge to the students of the Awanui\u0101rangi NZ Radio Training School. His skill set includes on air with his technical skills in production and programming also coming to the fore.\u00a0<\/p>\r\n<!-- \/wp:paragraph -->\r\n\r\n<!-- wp:image {\"align\":\"center\",\"id\":273,\"width\":210,\"height\":40,\"linkDestination\":\"custom\"} -->\r\n<figure class=\"wp-block-image aligncenter is-resized\"><\/figure>\r\n<!-- \/wp:image --><\/div>\r\n<\/div>\r\n<!-- \/wp:media-text --><\/div>","protected":false},"excerpt":{"rendered":"<div class=\"entry-content-stat post-content\"><p>We have a dedicated team of lecturers ready to share their industry knowledge and expertise with you. Lia Shelford-ToopiNational Promotions Coordinator (Operations, Announcing and Promotions)Pare Hauraki, Ng\u0101ti Kahu ki Whangaroa,<\/p>\n<\/div><a href=\"https:\/\/radioschool.co.nz\/index.php\/our-team\/\">Read More<i class=\"fa fa-long-arrow-right\" aria-hidden=\"true\"><\/i><\/a>","protected":false},"author":1,"featured_media":133,"parent":0,"menu_order":0,"comment_status":"closed","ping_status":"closed","template":"","meta":{"footnotes":""},"class_list":["post-135","page","type-page","status-publish","has-post-thumbnail","hentry"],"rise-blocks_excerpt":"We have a dedicated team of lecturers ready to share their industry knowledge and expertise with you. Lia Shelford-ToopiNational Promotions Coordinator (Operations, Announcing and Promotions)Pare Hauraki, Ng\u0101ti Kahu ki Whangaroa, Ng\u0101puhi, Ng\u0101ti Toki Lia has 15 years experience in commercial radio on mic, behind the scenes and in leadership roles. Her broad career has encompassed roles with Mai FM, More..","yoast_head":"<!-- This site is optimized with the Yoast SEO plugin v27.4 - https:\/\/yoast.com\/product\/yoast-seo-wordpress\/ -->\n<title>Our Team - NZ Radio Training School - Radio Training and Broadcasting<\/title>\n<meta name=\"description\" content=\"Our Diploma in Content Creation (Broadcasting) can get you grounded in radio announcing, audio production, creative copywriting, podcasting, journalism, social media, and more.\" \/>\n<meta name=\"robots\" content=\"index, follow, max-snippet:-1, max-image-preview:large, max-video-preview:-1\" \/>\n<link rel=\"canonical\" href=\"https:\/\/radioschool.co.nz\/index.php\/our-team\/\" \/>\n<meta property=\"og:locale\" content=\"en_US\" \/>\n<meta property=\"og:type\" content=\"article\" \/>\n<meta property=\"og:title\" content=\"Our Team - NZ Radio Training School - Radio Training and Broadcasting\" \/>\n<meta property=\"og:description\" content=\"Our Diploma in Content Creation (Broadcasting) can get you grounded in radio announcing, audio production, creative copywriting, podcasting, journalism, social media, and more.\" \/>\n<meta property=\"og:url\" content=\"https:\/\/radioschool.co.nz\/index.php\/our-team\/\" \/>\n<meta property=\"og:site_name\" content=\"NZ Radio Training School - Radio Training and Broadcasting\" \/>\n<meta property=\"article:publisher\" content=\"https:\/\/www.facebook.com\/nzrts\" \/>\n<meta property=\"article:modified_time\" content=\"2024-12-12T19:48:30+00:00\" \/>\n<meta property=\"og:image\" content=\"https:\/\/radioschool.co.nz\/wp-content\/uploads\/2021\/05\/Our%20Team%20Page-scaled.jpg\" \/>\n\t<meta property=\"og:image:width\" content=\"2560\" \/>\n\t<meta property=\"og:image:height\" content=\"1707\" \/>\n\t<meta property=\"og:image:type\" content=\"image\/jpeg\" \/>\n<meta name=\"twitter:card\" content=\"summary_large_image\" \/>\n<meta name=\"twitter:label1\" content=\"Est. reading time\" \/>\n\t<meta name=\"twitter:data1\" content=\"4 minutes\" \/>\n<script type=\"application\/ld+json\" class=\"yoast-schema-graph\">{\"@context\":\"https:\\\/\\\/schema.org\",\"@graph\":[{\"@type\":[\"WebPage\",\"ProfilePage\"],\"@id\":\"https:\\\/\\\/radioschool.co.nz\\\/index.php\\\/our-team\\\/\",\"url\":\"https:\\\/\\\/radioschool.co.nz\\\/index.php\\\/our-team\\\/\",\"name\":\"Our Team - NZ Radio Training School - Radio Training and Broadcasting\",\"isPartOf\":{\"@id\":\"https:\\\/\\\/radioschool.co.nz\\\/#website\"},\"primaryImageOfPage\":{\"@id\":\"https:\\\/\\\/radioschool.co.nz\\\/index.php\\\/our-team\\\/#primaryimage\"},\"image\":{\"@id\":\"https:\\\/\\\/radioschool.co.nz\\\/index.php\\\/our-team\\\/#primaryimage\"},\"thumbnailUrl\":\"https:\\\/\\\/radioschool.co.nz\\\/wp-content\\\/uploads\\\/2021\\\/05\\\/Our Team Page-scaled.jpg\",\"datePublished\":\"2021-05-04T06:27:51+00:00\",\"dateModified\":\"2024-12-12T19:48:30+00:00\",\"description\":\"Our Diploma in Content Creation (Broadcasting) can get you grounded in radio announcing, audio production, creative copywriting, podcasting, journalism, social media, and more.\",\"breadcrumb\":{\"@id\":\"https:\\\/\\\/radioschool.co.nz\\\/index.php\\\/our-team\\\/#breadcrumb\"},\"inLanguage\":\"en-NZ\",\"potentialAction\":[{\"@type\":\"ReadAction\",\"target\":[\"https:\\\/\\\/radioschool.co.nz\\\/index.php\\\/our-team\\\/\"]}]},{\"@type\":\"ImageObject\",\"inLanguage\":\"en-NZ\",\"@id\":\"https:\\\/\\\/radioschool.co.nz\\\/index.php\\\/our-team\\\/#primaryimage\",\"url\":\"https:\\\/\\\/radioschool.co.nz\\\/wp-content\\\/uploads\\\/2021\\\/05\\\/Our Team Page-scaled.jpg\",\"contentUrl\":\"https:\\\/\\\/radioschool.co.nz\\\/wp-content\\\/uploads\\\/2021\\\/05\\\/Our Team Page-scaled.jpg\",\"width\":2560,\"height\":1707},{\"@type\":\"BreadcrumbList\",\"@id\":\"https:\\\/\\\/radioschool.co.nz\\\/index.php\\\/our-team\\\/#breadcrumb\",\"itemListElement\":[{\"@type\":\"ListItem\",\"position\":1,\"name\":\"Home\",\"item\":\"https:\\\/\\\/radioschool.co.nz\\\/\"},{\"@type\":\"ListItem\",\"position\":2,\"name\":\"Our Team\"}]},{\"@type\":\"WebSite\",\"@id\":\"https:\\\/\\\/radioschool.co.nz\\\/#website\",\"url\":\"https:\\\/\\\/radioschool.co.nz\\\/\",\"name\":\"NZ Radio Training School - Radio Training and Broadcasting\",\"description\":\"Radio Broadcasting Training\",\"publisher\":{\"@id\":\"https:\\\/\\\/radioschool.co.nz\\\/#organization\"},\"potentialAction\":[{\"@type\":\"SearchAction\",\"target\":{\"@type\":\"EntryPoint\",\"urlTemplate\":\"https:\\\/\\\/radioschool.co.nz\\\/?s={search_term_string}\"},\"query-input\":{\"@type\":\"PropertyValueSpecification\",\"valueRequired\":true,\"valueName\":\"search_term_string\"}}],\"inLanguage\":\"en-NZ\"},{\"@type\":\"Organization\",\"@id\":\"https:\\\/\\\/radioschool.co.nz\\\/#organization\",\"name\":\"NZ Radio Training School\",\"url\":\"https:\\\/\\\/radioschool.co.nz\\\/\",\"logo\":{\"@type\":\"ImageObject\",\"inLanguage\":\"en-NZ\",\"@id\":\"https:\\\/\\\/radioschool.co.nz\\\/#\\\/schema\\\/logo\\\/image\\\/\",\"url\":\"https:\\\/\\\/radioschool.co.nz\\\/wp-content\\\/uploads\\\/2021\\\/11\\\/nzrts.jpg\",\"contentUrl\":\"https:\\\/\\\/radioschool.co.nz\\\/wp-content\\\/uploads\\\/2021\\\/11\\\/nzrts.jpg\",\"width\":2000,\"height\":1890,\"caption\":\"NZ Radio Training School\"},\"image\":{\"@id\":\"https:\\\/\\\/radioschool.co.nz\\\/#\\\/schema\\\/logo\\\/image\\\/\"},\"sameAs\":[\"https:\\\/\\\/www.facebook.com\\\/nzrts\"],\"mainEntityOfPage\":{\"@id\":\"https:\\\/\\\/radioschool.co.nz\\\/index.php\\\/our-team\\\/\"}}]}<\/script>\n<!-- \/ Yoast SEO plugin. -->","yoast_head_json":{"title":"Our Team - NZ Radio Training School - Radio Training and Broadcasting","description":"Our Diploma in Content Creation (Broadcasting) can get you grounded in radio announcing, audio production, creative copywriting, podcasting, journalism, social media, and more.","robots":{"index":"index","follow":"follow","max-snippet":"max-snippet:-1","max-image-preview":"max-image-preview:large","max-video-preview":"max-video-preview:-1"},"canonical":"https:\/\/radioschool.co.nz\/index.php\/our-team\/","og_locale":"en_US","og_type":"article","og_title":"Our Team - NZ Radio Training School - Radio Training and Broadcasting","og_description":"Our Diploma in Content Creation (Broadcasting) can get you grounded in radio announcing, audio production, creative copywriting, podcasting, journalism, social media, and more.","og_url":"https:\/\/radioschool.co.nz\/index.php\/our-team\/","og_site_name":"NZ Radio Training School - Radio Training and Broadcasting","article_publisher":"https:\/\/www.facebook.com\/nzrts","article_modified_time":"2024-12-12T19:48:30+00:00","og_image":[{"width":2560,"height":1707,"url":"https:\/\/radioschool.co.nz\/wp-content\/uploads\/2021\/05\/Our Team Page-scaled.jpg","type":"image\/jpeg"}],"twitter_card":"summary_large_image","twitter_misc":{"Est. reading time":"4 minutes"},"schema":{"@context":"https:\/\/schema.org","@graph":[{"@type":["WebPage","ProfilePage"],"@id":"https:\/\/radioschool.co.nz\/index.php\/our-team\/","url":"https:\/\/radioschool.co.nz\/index.php\/our-team\/","name":"Our Team - NZ Radio Training School - Radio Training and Broadcasting","isPartOf":{"@id":"https:\/\/radioschool.co.nz\/#website"},"primaryImageOfPage":{"@id":"https:\/\/radioschool.co.nz\/index.php\/our-team\/#primaryimage"},"image":{"@id":"https:\/\/radioschool.co.nz\/index.php\/our-team\/#primaryimage"},"thumbnailUrl":"https:\/\/radioschool.co.nz\/wp-content\/uploads\/2021\/05\/Our Team Page-scaled.jpg","datePublished":"2021-05-04T06:27:51+00:00","dateModified":"2024-12-12T19:48:30+00:00","description":"Our Diploma in Content Creation (Broadcasting) can get you grounded in radio announcing, audio production, creative copywriting, podcasting, journalism, social media, and more.","breadcrumb":{"@id":"https:\/\/radioschool.co.nz\/index.php\/our-team\/#breadcrumb"},"inLanguage":"en-NZ","potentialAction":[{"@type":"ReadAction","target":["https:\/\/radioschool.co.nz\/index.php\/our-team\/"]}]},{"@type":"ImageObject","inLanguage":"en-NZ","@id":"https:\/\/radioschool.co.nz\/index.php\/our-team\/#primaryimage","url":"https:\/\/radioschool.co.nz\/wp-content\/uploads\/2021\/05\/Our Team Page-scaled.jpg","contentUrl":"https:\/\/radioschool.co.nz\/wp-content\/uploads\/2021\/05\/Our Team Page-scaled.jpg","width":2560,"height":1707},{"@type":"BreadcrumbList","@id":"https:\/\/radioschool.co.nz\/index.php\/our-team\/#breadcrumb","itemListElement":[{"@type":"ListItem","position":1,"name":"Home","item":"https:\/\/radioschool.co.nz\/"},{"@type":"ListItem","position":2,"name":"Our Team"}]},{"@type":"WebSite","@id":"https:\/\/radioschool.co.nz\/#website","url":"https:\/\/radioschool.co.nz\/","name":"NZ Radio Training School - Radio Training and Broadcasting","description":"Radio Broadcasting Training","publisher":{"@id":"https:\/\/radioschool.co.nz\/#organization"},"potentialAction":[{"@type":"SearchAction","target":{"@type":"EntryPoint","urlTemplate":"https:\/\/radioschool.co.nz\/?s={search_term_string}"},"query-input":{"@type":"PropertyValueSpecification","valueRequired":true,"valueName":"search_term_string"}}],"inLanguage":"en-NZ"},{"@type":"Organization","@id":"https:\/\/radioschool.co.nz\/#organization","name":"NZ Radio Training School","url":"https:\/\/radioschool.co.nz\/","logo":{"@type":"ImageObject","inLanguage":"en-NZ","@id":"https:\/\/radioschool.co.nz\/#\/schema\/logo\/image\/","url":"https:\/\/radioschool.co.nz\/wp-content\/uploads\/2021\/11\/nzrts.jpg","contentUrl":"https:\/\/radioschool.co.nz\/wp-content\/uploads\/2021\/11\/nzrts.jpg","width":2000,"height":1890,"caption":"NZ Radio Training School"},"image":{"@id":"https:\/\/radioschool.co.nz\/#\/schema\/logo\/image\/"},"sameAs":["https:\/\/www.facebook.com\/nzrts"],"mainEntityOfPage":{"@id":"https:\/\/radioschool.co.nz\/index.php\/our-team\/"}}]}},"_links":{"self":[{"href":"https:\/\/radioschool.co.nz\/index.php\/wp-json\/wp\/v2\/pages\/135","targetHints":{"allow":["GET"]}}],"collection":[{"href":"https:\/\/radioschool.co.nz\/index.php\/wp-json\/wp\/v2\/pages"}],"about":[{"href":"https:\/\/radioschool.co.nz\/index.php\/wp-json\/wp\/v2\/types\/page"}],"author":[{"embeddable":true,"href":"https:\/\/radioschool.co.nz\/index.php\/wp-json\/wp\/v2\/users\/1"}],"replies":[{"embeddable":true,"href":"https:\/\/radioschool.co.nz\/index.php\/wp-json\/wp\/v2\/comments?post=135"}],"version-history":[{"count":46,"href":"https:\/\/radioschool.co.nz\/index.php\/wp-json\/wp\/v2\/pages\/135\/revisions"}],"predecessor-version":[{"id":664,"href":"https:\/\/radioschool.co.nz\/index.php\/wp-json\/wp\/v2\/pages\/135\/revisions\/664"}],"wp:featuredmedia":[{"embeddable":true,"href":"https:\/\/radioschool.co.nz\/index.php\/wp-json\/wp\/v2\/media\/133"}],"wp:attachment":[{"href":"https:\/\/radioschool.co.nz\/index.php\/wp-json\/wp\/v2\/media?parent=135"}],"curies":[{"name":"wp","href":"https:\/\/api.w.org\/{rel}","templated":true}]}}