{"id":6,"date":"2021-04-26T22:10:04","date_gmt":"2021-04-26T22:10:04","guid":{"rendered":"https:\/\/nzrts.co.nz\/?page_id=6"},"modified":"2024-12-10T08:18:06","modified_gmt":"2024-12-09T20:18:06","slug":"about","status":"publish","type":"page","link":"https:\/\/radioschool.co.nz\/index.php\/about\/","title":{"rendered":"About"},"content":{"rendered":"<div class=\"post-content\">\r\n<p>The NZ Radio Training School (NZRTS) is one of the most respected radio training schools in New Zealand and came under the custodianship of Te Whare W\u0101nanga o Awanui\u0101rangi, from Whitireia in 2020.<\/p>\r\n\r\n\r\n\r\n<p>To honour the new relationship, Distinguished Professor Sir Hirini Moko Mead, Kaum\u0101tua advisor to the Awanui\u0101rangi Council and former Chair, has blessed the School with a te reo M\u0101ori name: \u201cTe Poutairanga P\u0101ho o te Motu\u201d<\/p>\r\n\r\n\r\n\r\n<p>Our\u00a0<a href=\"https:\/\/www.wananga.ac.nz\/study\/diplomas\/new-zealand-diploma-in-content-creation-broadcasting-level-5\/\">NZ Diploma in Content Creation (Broadcasting)<\/a> is offered from our Auckland campus. The programme is designed for tauira new to the radio broadcasting industry or tauira thinking about a career in radio broadcasting and related media industries and environments. The courses prepare you for a career in the high energy world of commercial radio. On completion of this programme, graduates will be able to enter the industry in areas such as presenting, production, programming, marketing, sales, brand management, studio engineering, creative writing, journalism, and digital content management.<\/p>\r\n\r\n\r\n\r\n<p>Students not only study in a classroom but also in purpose-built studios designed to provide a complete radio experience.\u00a0Professional tutors, with comprehensive backgrounds in radio, journalism and television offer students highly interactive learning opportunities through practical hands-on study.<\/p>\r\n\r\n\r\n\r\n<p>NZRTS\u00a0keeps pace with the industry, and in turn, offers training in tune with industry requirements.<\/p>\r\n\r\n\r\n<\/div>","protected":false},"excerpt":{"rendered":"<div class=\"entry-content-stat post-content\"><p>The NZ Radio Training School (NZRTS) is one of the most respected radio training schools in New Zealand and came under the custodianship of Te Whare W\u0101nanga o Awanui\u0101rangi, from<\/p>\n<\/div><a href=\"https:\/\/radioschool.co.nz\/index.php\/about\/\">Read More<i class=\"fa fa-long-arrow-right\" aria-hidden=\"true\"><\/i><\/a>","protected":false},"author":1,"featured_media":131,"parent":0,"menu_order":0,"comment_status":"closed","ping_status":"closed","template":"","meta":{"footnotes":""},"class_list":["post-6","page","type-page","status-publish","has-post-thumbnail","hentry"],"rise-blocks_excerpt":"The NZ Radio Training School (NZRTS) is one of the most respected radio training schools in New Zealand and came under the custodianship of Te Whare W\u0101nanga o Awanui\u0101rangi, from Whitireia in 2020. To honour the new relationship, Distinguished Professor Sir Hirini Moko Mead, Kaum\u0101tua advisor to the Awanui\u0101rangi Council and former Chair, has blessed the School with a te..","yoast_head":"<!-- This site is optimized with the Yoast SEO plugin v27.5 - https:\/\/yoast.com\/product\/yoast-seo-wordpress\/ -->\n<title>About - NZ Radio Training School - Radio Training and Broadcasting<\/title>\n<meta name=\"description\" content=\"The NZ Radio Training School&#039;s Diploma in Content Creation (Broadcasting) can get you grounded in radio announcing, audio production, creative copywriting, podcasting, journalism, social media, and more.\" \/>\n<meta name=\"robots\" content=\"index, follow, max-snippet:-1, max-image-preview:large, max-video-preview:-1\" \/>\n<link rel=\"canonical\" href=\"https:\/\/radioschool.co.nz\/index.php\/about\/\" \/>\n<meta property=\"og:locale\" content=\"en_US\" \/>\n<meta property=\"og:type\" content=\"article\" \/>\n<meta property=\"og:title\" content=\"About - NZ Radio Training School - Radio Training and Broadcasting\" \/>\n<meta property=\"og:description\" content=\"The NZ Radio Training School&#039;s Diploma in Content Creation (Broadcasting) can get you grounded in radio announcing, audio production, creative copywriting, podcasting, journalism, social media, and more.\" \/>\n<meta property=\"og:url\" content=\"https:\/\/radioschool.co.nz\/index.php\/about\/\" \/>\n<meta property=\"og:site_name\" content=\"NZ Radio Training School - Radio Training and Broadcasting\" \/>\n<meta property=\"article:publisher\" content=\"https:\/\/www.facebook.com\/nzrts\" \/>\n<meta property=\"article:modified_time\" content=\"2024-12-09T20:18:06+00:00\" \/>\n<meta property=\"og:image\" content=\"https:\/\/radioschool.co.nz\/wp-content\/uploads\/2021\/05\/About%20Page-scaled.jpg\" \/>\n\t<meta property=\"og:image:width\" content=\"2560\" \/>\n\t<meta property=\"og:image:height\" content=\"1707\" \/>\n\t<meta property=\"og:image:type\" content=\"image\/jpeg\" \/>\n<meta name=\"twitter:card\" content=\"summary_large_image\" \/>\n<meta name=\"twitter:label1\" content=\"Est. reading time\" \/>\n\t<meta name=\"twitter:data1\" content=\"2 minutes\" \/>\n<script type=\"application\/ld+json\" class=\"yoast-schema-graph\">{\"@context\":\"https:\\\/\\\/schema.org\",\"@graph\":[{\"@type\":[\"WebPage\",\"AboutPage\"],\"@id\":\"https:\\\/\\\/radioschool.co.nz\\\/index.php\\\/about\\\/\",\"url\":\"https:\\\/\\\/radioschool.co.nz\\\/index.php\\\/about\\\/\",\"name\":\"About - NZ Radio Training School - Radio Training and Broadcasting\",\"isPartOf\":{\"@id\":\"https:\\\/\\\/radioschool.co.nz\\\/#website\"},\"primaryImageOfPage\":{\"@id\":\"https:\\\/\\\/radioschool.co.nz\\\/index.php\\\/about\\\/#primaryimage\"},\"image\":{\"@id\":\"https:\\\/\\\/radioschool.co.nz\\\/index.php\\\/about\\\/#primaryimage\"},\"thumbnailUrl\":\"https:\\\/\\\/radioschool.co.nz\\\/wp-content\\\/uploads\\\/2021\\\/05\\\/About Page-scaled.jpg\",\"datePublished\":\"2021-04-26T22:10:04+00:00\",\"dateModified\":\"2024-12-09T20:18:06+00:00\",\"description\":\"The NZ Radio Training School's Diploma in Content Creation (Broadcasting) can get you grounded in radio announcing, audio production, creative copywriting, podcasting, journalism, social media, and more.\",\"breadcrumb\":{\"@id\":\"https:\\\/\\\/radioschool.co.nz\\\/index.php\\\/about\\\/#breadcrumb\"},\"inLanguage\":\"en-NZ\",\"potentialAction\":[{\"@type\":\"ReadAction\",\"target\":[\"https:\\\/\\\/radioschool.co.nz\\\/index.php\\\/about\\\/\"]}]},{\"@type\":\"ImageObject\",\"inLanguage\":\"en-NZ\",\"@id\":\"https:\\\/\\\/radioschool.co.nz\\\/index.php\\\/about\\\/#primaryimage\",\"url\":\"https:\\\/\\\/radioschool.co.nz\\\/wp-content\\\/uploads\\\/2021\\\/05\\\/About Page-scaled.jpg\",\"contentUrl\":\"https:\\\/\\\/radioschool.co.nz\\\/wp-content\\\/uploads\\\/2021\\\/05\\\/About Page-scaled.jpg\",\"width\":2560,\"height\":1707},{\"@type\":\"BreadcrumbList\",\"@id\":\"https:\\\/\\\/radioschool.co.nz\\\/index.php\\\/about\\\/#breadcrumb\",\"itemListElement\":[{\"@type\":\"ListItem\",\"position\":1,\"name\":\"Home\",\"item\":\"https:\\\/\\\/radioschool.co.nz\\\/\"},{\"@type\":\"ListItem\",\"position\":2,\"name\":\"About\"}]},{\"@type\":\"WebSite\",\"@id\":\"https:\\\/\\\/radioschool.co.nz\\\/#website\",\"url\":\"https:\\\/\\\/radioschool.co.nz\\\/\",\"name\":\"NZ Radio Training School - Radio Training and Broadcasting\",\"description\":\"Radio Broadcasting Training\",\"publisher\":{\"@id\":\"https:\\\/\\\/radioschool.co.nz\\\/#organization\"},\"potentialAction\":[{\"@type\":\"SearchAction\",\"target\":{\"@type\":\"EntryPoint\",\"urlTemplate\":\"https:\\\/\\\/radioschool.co.nz\\\/?s={search_term_string}\"},\"query-input\":{\"@type\":\"PropertyValueSpecification\",\"valueRequired\":true,\"valueName\":\"search_term_string\"}}],\"inLanguage\":\"en-NZ\"},{\"@type\":\"Organization\",\"@id\":\"https:\\\/\\\/radioschool.co.nz\\\/#organization\",\"name\":\"NZ Radio Training School\",\"url\":\"https:\\\/\\\/radioschool.co.nz\\\/\",\"logo\":{\"@type\":\"ImageObject\",\"inLanguage\":\"en-NZ\",\"@id\":\"https:\\\/\\\/radioschool.co.nz\\\/#\\\/schema\\\/logo\\\/image\\\/\",\"url\":\"https:\\\/\\\/radioschool.co.nz\\\/wp-content\\\/uploads\\\/2021\\\/11\\\/nzrts.jpg\",\"contentUrl\":\"https:\\\/\\\/radioschool.co.nz\\\/wp-content\\\/uploads\\\/2021\\\/11\\\/nzrts.jpg\",\"width\":2000,\"height\":1890,\"caption\":\"NZ Radio Training School\"},\"image\":{\"@id\":\"https:\\\/\\\/radioschool.co.nz\\\/#\\\/schema\\\/logo\\\/image\\\/\"},\"sameAs\":[\"https:\\\/\\\/www.facebook.com\\\/nzrts\"]}]}<\/script>\n<!-- \/ Yoast SEO plugin. -->","yoast_head_json":{"title":"About - NZ Radio Training School - Radio Training and Broadcasting","description":"The NZ Radio Training School's Diploma in Content Creation (Broadcasting) can get you grounded in radio announcing, audio production, creative copywriting, podcasting, journalism, social media, and more.","robots":{"index":"index","follow":"follow","max-snippet":"max-snippet:-1","max-image-preview":"max-image-preview:large","max-video-preview":"max-video-preview:-1"},"canonical":"https:\/\/radioschool.co.nz\/index.php\/about\/","og_locale":"en_US","og_type":"article","og_title":"About - NZ Radio Training School - Radio Training and Broadcasting","og_description":"The NZ Radio Training School's Diploma in Content Creation (Broadcasting) can get you grounded in radio announcing, audio production, creative copywriting, podcasting, journalism, social media, and more.","og_url":"https:\/\/radioschool.co.nz\/index.php\/about\/","og_site_name":"NZ Radio Training School - Radio Training and Broadcasting","article_publisher":"https:\/\/www.facebook.com\/nzrts","article_modified_time":"2024-12-09T20:18:06+00:00","og_image":[{"width":2560,"height":1707,"url":"https:\/\/radioschool.co.nz\/wp-content\/uploads\/2021\/05\/About Page-scaled.jpg","type":"image\/jpeg"}],"twitter_card":"summary_large_image","twitter_misc":{"Est. reading time":"2 minutes"},"schema":{"@context":"https:\/\/schema.org","@graph":[{"@type":["WebPage","AboutPage"],"@id":"https:\/\/radioschool.co.nz\/index.php\/about\/","url":"https:\/\/radioschool.co.nz\/index.php\/about\/","name":"About - NZ Radio Training School - Radio Training and Broadcasting","isPartOf":{"@id":"https:\/\/radioschool.co.nz\/#website"},"primaryImageOfPage":{"@id":"https:\/\/radioschool.co.nz\/index.php\/about\/#primaryimage"},"image":{"@id":"https:\/\/radioschool.co.nz\/index.php\/about\/#primaryimage"},"thumbnailUrl":"https:\/\/radioschool.co.nz\/wp-content\/uploads\/2021\/05\/About Page-scaled.jpg","datePublished":"2021-04-26T22:10:04+00:00","dateModified":"2024-12-09T20:18:06+00:00","description":"The NZ Radio Training School's Diploma in Content Creation (Broadcasting) can get you grounded in radio announcing, audio production, creative copywriting, podcasting, journalism, social media, and more.","breadcrumb":{"@id":"https:\/\/radioschool.co.nz\/index.php\/about\/#breadcrumb"},"inLanguage":"en-NZ","potentialAction":[{"@type":"ReadAction","target":["https:\/\/radioschool.co.nz\/index.php\/about\/"]}]},{"@type":"ImageObject","inLanguage":"en-NZ","@id":"https:\/\/radioschool.co.nz\/index.php\/about\/#primaryimage","url":"https:\/\/radioschool.co.nz\/wp-content\/uploads\/2021\/05\/About Page-scaled.jpg","contentUrl":"https:\/\/radioschool.co.nz\/wp-content\/uploads\/2021\/05\/About Page-scaled.jpg","width":2560,"height":1707},{"@type":"BreadcrumbList","@id":"https:\/\/radioschool.co.nz\/index.php\/about\/#breadcrumb","itemListElement":[{"@type":"ListItem","position":1,"name":"Home","item":"https:\/\/radioschool.co.nz\/"},{"@type":"ListItem","position":2,"name":"About"}]},{"@type":"WebSite","@id":"https:\/\/radioschool.co.nz\/#website","url":"https:\/\/radioschool.co.nz\/","name":"NZ Radio Training School - Radio Training and Broadcasting","description":"Radio Broadcasting Training","publisher":{"@id":"https:\/\/radioschool.co.nz\/#organization"},"potentialAction":[{"@type":"SearchAction","target":{"@type":"EntryPoint","urlTemplate":"https:\/\/radioschool.co.nz\/?s={search_term_string}"},"query-input":{"@type":"PropertyValueSpecification","valueRequired":true,"valueName":"search_term_string"}}],"inLanguage":"en-NZ"},{"@type":"Organization","@id":"https:\/\/radioschool.co.nz\/#organization","name":"NZ Radio Training School","url":"https:\/\/radioschool.co.nz\/","logo":{"@type":"ImageObject","inLanguage":"en-NZ","@id":"https:\/\/radioschool.co.nz\/#\/schema\/logo\/image\/","url":"https:\/\/radioschool.co.nz\/wp-content\/uploads\/2021\/11\/nzrts.jpg","contentUrl":"https:\/\/radioschool.co.nz\/wp-content\/uploads\/2021\/11\/nzrts.jpg","width":2000,"height":1890,"caption":"NZ Radio Training School"},"image":{"@id":"https:\/\/radioschool.co.nz\/#\/schema\/logo\/image\/"},"sameAs":["https:\/\/www.facebook.com\/nzrts"]}]}},"_links":{"self":[{"href":"https:\/\/radioschool.co.nz\/index.php\/wp-json\/wp\/v2\/pages\/6","targetHints":{"allow":["GET"]}}],"collection":[{"href":"https:\/\/radioschool.co.nz\/index.php\/wp-json\/wp\/v2\/pages"}],"about":[{"href":"https:\/\/radioschool.co.nz\/index.php\/wp-json\/wp\/v2\/types\/page"}],"author":[{"embeddable":true,"href":"https:\/\/radioschool.co.nz\/index.php\/wp-json\/wp\/v2\/users\/1"}],"replies":[{"embeddable":true,"href":"https:\/\/radioschool.co.nz\/index.php\/wp-json\/wp\/v2\/comments?post=6"}],"version-history":[{"count":31,"href":"https:\/\/radioschool.co.nz\/index.php\/wp-json\/wp\/v2\/pages\/6\/revisions"}],"predecessor-version":[{"id":628,"href":"https:\/\/radioschool.co.nz\/index.php\/wp-json\/wp\/v2\/pages\/6\/revisions\/628"}],"wp:featuredmedia":[{"embeddable":true,"href":"https:\/\/radioschool.co.nz\/index.php\/wp-json\/wp\/v2\/media\/131"}],"wp:attachment":[{"href":"https:\/\/radioschool.co.nz\/index.php\/wp-json\/wp\/v2\/media?parent=6"}],"curies":[{"name":"wp","href":"https:\/\/api.w.org\/{rel}","templated":true}]}}